{"id":46,"date":"2021-10-27T14:25:00","date_gmt":"2021-10-27T14:25:00","guid":{"rendered":"https:\/\/www.lushilaw.net\/sobre-nosaltres\/"},"modified":"2021-10-27T14:25:00","modified_gmt":"2021-10-27T14:25:00","slug":"sobre-nosaltres","status":"publish","type":"page","link":"https:\/\/www.lushilaw.net\/ca\/sobre-nosaltres\/","title":{"rendered":"Sobre nosaltres"},"content":{"rendered":"<p align=\"justify\">L\u00dcSHI LAW ADVOCATS \u00e9s un projecte jove, modern i \u00e0gil que ofereix un servei d\u2019assessorament professional i direcci\u00f3 lletrada en diferents disciplines del Dret, tant a particulars com a empreses, amb l\u2019objectiu primordial d\u2019oferir al client una atenci\u00f3 personalitzada i seriosa, aix\u00ed com un tracte proper i individualitzat, vetllant sempre per la professionalitat i la qualitat.<\/p>\n<p align=\"justify\">\n<p align=\"justify\">La nostra experi\u00e8ncia i compet\u00e8ncia com a advocats, havent treballat tamb\u00e9 en el sector bancari, i el domini dels idiomes, a part del catal\u00e0 i el castell\u00e0, com s\u00f3n l\u2019angl\u00e8s, el franc\u00e8s, el xin\u00e8s (mandarin) i l\u2019\u00e0rab, ens permet adaptar-nos a qualsevol perfil de client per poder defensar els seus interessos de manera eficient.<\/p>\n<p align=\"justify\"><img loading=\"lazy\" decoding=\"async\" class=\"size-medium wp-image-34 aligncenter\" src=\"https:\/\/www.lushilaw.net\/wp-content\/uploads\/2021\/10\/aboutus-300x225.jpg\" alt=\"\" width=\"300\" height=\"225\" srcset=\"https:\/\/www.lushilaw.net\/wp-content\/uploads\/2021\/10\/aboutus-300x225.jpg 300w, https:\/\/www.lushilaw.net\/wp-content\/uploads\/2021\/10\/aboutus.jpg 452w\" sizes=\"auto, (max-width: 300px) 100vw, 300px\" \/><\/p>\n","protected":false},"excerpt":{"rendered":"<p>L\u00dcSHI LAW ADVOCATS \u00e9s un projecte jove, modern i \u00e0gil que ofereix un servei d\u2019assessorament professional i direcci\u00f3 lletrada en diferents disciplines del Dret, tant a particulars com a empreses, amb l\u2019objectiu primordial d\u2019oferir al client una atenci\u00f3 personalitzada i seriosa, aix\u00ed com un tracte proper i individualitzat, vetllant sempre per la professionalitat i la [&hellip;]<\/p>\n","protected":false},"author":1,"featured_media":0,"parent":0,"menu_order":1,"comment_status":"closed","ping_status":"closed","template":"","meta":{"footnotes":""},"class_list":["post-46","page","type-page","status-publish","hentry"],"_links":{"self":[{"href":"https:\/\/www.lushilaw.net\/ca\/wp-json\/wp\/v2\/pages\/46","targetHints":{"allow":["GET"]}}],"collection":[{"href":"https:\/\/www.lushilaw.net\/ca\/wp-json\/wp\/v2\/pages"}],"about":[{"href":"https:\/\/www.lushilaw.net\/ca\/wp-json\/wp\/v2\/types\/page"}],"author":[{"embeddable":true,"href":"https:\/\/www.lushilaw.net\/ca\/wp-json\/wp\/v2\/users\/1"}],"replies":[{"embeddable":true,"href":"https:\/\/www.lushilaw.net\/ca\/wp-json\/wp\/v2\/comments?post=46"}],"version-history":[{"count":0,"href":"https:\/\/www.lushilaw.net\/ca\/wp-json\/wp\/v2\/pages\/46\/revisions"}],"wp:attachment":[{"href":"https:\/\/www.lushilaw.net\/ca\/wp-json\/wp\/v2\/media?parent=46"}],"curies":[{"name":"wp","href":"https:\/\/api.w.org\/{rel}","templated":true}]}}