{"id":48,"date":"2021-10-27T14:25:55","date_gmt":"2021-10-27T14:25:55","guid":{"rendered":"https:\/\/www.lushilaw.net\/inicio\/"},"modified":"2021-10-27T14:25:55","modified_gmt":"2021-10-27T14:25:55","slug":"inicio","status":"publish","type":"page","link":"https:\/\/www.lushilaw.net\/ca\/","title":{"rendered":"Inicio"},"content":{"rendered":"<p align=\"justify\">En un context de crisi com l\u2019actual en el que molts particulars, aut\u00f3noms i PIMES s\u2019estan trobant amb nous reptes, exig\u00e8ncies i situacions que fins ara eren inusuals, aquest despatx presta assessorament continuat i defensa judicial per a qualsevol assumpte en diferents \u00e0mbits, des de l\u2019activitat sancionadora de les administracions p\u00fabliques, els incompliments contractuals, passant per les execucions hipotec\u00e0ries o la impugnaci\u00f3 de contractes bancaris (participacions preferents, permutes financeres, etc), fins a la tramitaci\u00f3 de diferents tipus de pensions (vidu\u00eftat, orfandat, jubilaci\u00f3, incapacitat laboral, etc).<\/p>\n<p align=\"justify\">\n<p align=\"justify\">Les instal\u00b7lacions del despatx es troben situades en ple centre de Granollers, a tan sols 5 minuts de l&#8217;estaci\u00f3 d&#8217;autobusos i 10 minuts de l&#8217;estaci\u00f3 de tren Granollers Centre. Tot i que podem oferir els nostres serveis en qualsevol punt en funci\u00f3 de les necessitats del client.<\/p>\n<p align=\"justify\">\n<p align=\"justify\"><img loading=\"lazy\" decoding=\"async\" class=\"size-medium wp-image-28 aligncenter\" src=\"https:\/\/www.lushilaw.net\/wp-content\/uploads\/2021\/10\/home-300x201.jpg\" alt=\"\" width=\"300\" height=\"201\" srcset=\"https:\/\/www.lushilaw.net\/wp-content\/uploads\/2021\/10\/home-300x201.jpg 300w, https:\/\/www.lushilaw.net\/wp-content\/uploads\/2021\/10\/home-110x73.jpg 110w, https:\/\/www.lushilaw.net\/wp-content\/uploads\/2021\/10\/home.jpg 420w\" sizes=\"auto, (max-width: 300px) 100vw, 300px\" \/><\/p>\n","protected":false},"excerpt":{"rendered":"<p>En un context de crisi com l\u2019actual en el que molts particulars, aut\u00f3noms i PIMES s\u2019estan trobant amb nous reptes, exig\u00e8ncies i situacions que fins ara eren inusuals, aquest despatx presta assessorament continuat i defensa judicial per a qualsevol assumpte en diferents \u00e0mbits, des de l\u2019activitat sancionadora de les administracions p\u00fabliques, els incompliments contractuals, passant [&hellip;]<\/p>\n","protected":false},"author":1,"featured_media":0,"parent":0,"menu_order":0,"comment_status":"closed","ping_status":"closed","template":"","meta":{"footnotes":""},"class_list":["post-48","page","type-page","status-publish","hentry"],"_links":{"self":[{"href":"https:\/\/www.lushilaw.net\/ca\/wp-json\/wp\/v2\/pages\/48","targetHints":{"allow":["GET"]}}],"collection":[{"href":"https:\/\/www.lushilaw.net\/ca\/wp-json\/wp\/v2\/pages"}],"about":[{"href":"https:\/\/www.lushilaw.net\/ca\/wp-json\/wp\/v2\/types\/page"}],"author":[{"embeddable":true,"href":"https:\/\/www.lushilaw.net\/ca\/wp-json\/wp\/v2\/users\/1"}],"replies":[{"embeddable":true,"href":"https:\/\/www.lushilaw.net\/ca\/wp-json\/wp\/v2\/comments?post=48"}],"version-history":[{"count":0,"href":"https:\/\/www.lushilaw.net\/ca\/wp-json\/wp\/v2\/pages\/48\/revisions"}],"wp:attachment":[{"href":"https:\/\/www.lushilaw.net\/ca\/wp-json\/wp\/v2\/media?parent=48"}],"curies":[{"name":"wp","href":"https:\/\/api.w.org\/{rel}","templated":true}]}}