{"id":51,"date":"2021-10-27T14:31:15","date_gmt":"2021-10-27T14:31:15","guid":{"rendered":"https:\/\/www.lushilaw.net\/serveis\/"},"modified":"2021-11-02T12:07:11","modified_gmt":"2021-11-02T12:07:11","slug":"serveis","status":"publish","type":"page","link":"https:\/\/www.lushilaw.net\/ca\/serveis\/","title":{"rendered":"Serveis"},"content":{"rendered":"<p>Volem estar al seu costat abans, durant i despr\u00e9s de cada firma de contracte, acte administratiu o relaci\u00f3 jur\u00eddica que inici\u00ef per a tal d\u2019oferir-li els nostres coneixements i experi\u00e8ncia. Sempre treballem per evitar la via judicial (ja sigui intentant arribar a un acord amb la part contr\u00e0ria mitjan\u00e7ant una negociaci\u00f3 o utilitzant altres possibles vies de reclamaci\u00f3 m\u00e9s r\u00e0pides i eficients, i menys costoses). No obstant, per als casos de que s\u2019arribi a un procediment davant els tribunals som garantia de defensa dels seus interessos com si es tractessin dels nostres, treballant sempre per la soluci\u00f3 m\u00e9s adient i satisfact\u00f2ria.<\/p>\n<p>Per aix\u00f2 el podem assessorar i defensar en qualsevol de les seg\u00fcents mat\u00e8ries:<\/p>\n<p><a href=\"https:\/\/www.lushilaw.net\/ca\/serveis\/dret-civil\/\">Dret Civil<\/a><\/p>\n<p><a href=\"https:\/\/www.lushilaw.net\/ca\/serveis\/dret-laboral\/\">Dret Laboral<\/a><\/p>\n<p><a href=\"https:\/\/www.lushilaw.net\/ca\/serveis\/dret-administratiu\/\">Dret Administratiu<\/a><\/p>\n<p><a href=\"https:\/\/www.lushilaw.net\/ca\/serveis\/dret-mercantil\/\">Dret Mercantil<\/a><\/p>\n<p>&nbsp;<\/p>\n<p><img loading=\"lazy\" decoding=\"async\" class=\"size-medium wp-image-40 aligncenter\" src=\"https:\/\/www.lushilaw.net\/wp-content\/uploads\/2021\/10\/services-300x144.jpg\" alt=\"\" width=\"300\" height=\"144\" srcset=\"https:\/\/www.lushilaw.net\/wp-content\/uploads\/2021\/10\/services-300x144.jpg 300w, https:\/\/www.lushilaw.net\/wp-content\/uploads\/2021\/10\/services.jpg 420w\" sizes=\"auto, (max-width: 300px) 100vw, 300px\" \/><\/p>\n","protected":false},"excerpt":{"rendered":"<p>Volem estar al seu costat abans, durant i despr\u00e9s de cada firma de contracte, acte administratiu o relaci\u00f3 jur\u00eddica que inici\u00ef per a tal d\u2019oferir-li els nostres coneixements i experi\u00e8ncia. Sempre treballem per evitar la via judicial (ja sigui intentant arribar a un acord amb la part contr\u00e0ria mitjan\u00e7ant una negociaci\u00f3 o utilitzant altres possibles [&hellip;]<\/p>\n","protected":false},"author":1,"featured_media":0,"parent":0,"menu_order":2,"comment_status":"closed","ping_status":"closed","template":"","meta":{"footnotes":""},"class_list":["post-51","page","type-page","status-publish","hentry"],"_links":{"self":[{"href":"https:\/\/www.lushilaw.net\/ca\/wp-json\/wp\/v2\/pages\/51","targetHints":{"allow":["GET"]}}],"collection":[{"href":"https:\/\/www.lushilaw.net\/ca\/wp-json\/wp\/v2\/pages"}],"about":[{"href":"https:\/\/www.lushilaw.net\/ca\/wp-json\/wp\/v2\/types\/page"}],"author":[{"embeddable":true,"href":"https:\/\/www.lushilaw.net\/ca\/wp-json\/wp\/v2\/users\/1"}],"replies":[{"embeddable":true,"href":"https:\/\/www.lushilaw.net\/ca\/wp-json\/wp\/v2\/comments?post=51"}],"version-history":[{"count":3,"href":"https:\/\/www.lushilaw.net\/ca\/wp-json\/wp\/v2\/pages\/51\/revisions"}],"predecessor-version":[{"id":122,"href":"https:\/\/www.lushilaw.net\/ca\/wp-json\/wp\/v2\/pages\/51\/revisions\/122"}],"wp:attachment":[{"href":"https:\/\/www.lushilaw.net\/ca\/wp-json\/wp\/v2\/media?parent=51"}],"curies":[{"name":"wp","href":"https:\/\/api.w.org\/{rel}","templated":true}]}}