{"id":91,"date":"2021-10-27T14:48:47","date_gmt":"2021-10-27T14:48:47","guid":{"rendered":"https:\/\/www.lushilaw.net\/?page_id=91"},"modified":"2021-10-27T14:48:47","modified_gmt":"2021-10-27T14:48:47","slug":"dret-civil","status":"publish","type":"page","link":"https:\/\/www.lushilaw.net\/ca\/serveis\/dret-civil\/","title":{"rendered":"Dret Civil"},"content":{"rendered":"<p>Fam\u00edlia: Divorcis i separacions, parelles de fet, cust\u00f2dies, tuteles, aliments, incapacitacions, successions i donacions<\/p>\n<p>Execucions hipotec\u00e0ries, execucions de t\u00edtols no judicials, reclamacions de quantitat per deutes<\/p>\n<p>Impugnaci\u00f3 de contractes bancaris (participacions preferents, obligacions subordinades, permutes de tipus d\u2019inter\u00e8s, etc&#8230;)<\/p>\n<p>Compravendes i arrendaments de vivenda i de negoci<\/p>\n<p>Reclamacions en mat\u00e8ries de consumidors i usuaris: Actuacions contra abusos i actuacions irregulars de companyies de subministraments (electricitat, gas, telefonia m\u00f2bil i internet, etc), banca i assegurances.<\/p>\n<p>Reclamacions per incompliments contractuals<\/p>\n<p>Responsabilitat civil (reclamacions per danys i perjudicis): Accidents de tr\u00e0nsit, neglig\u00e8ncies m\u00e8diques,<\/p>\n<p>Propietat intel\u00b7lectual<\/p>\n<p>Propietat horitzontal: Comunitats de ve\u00efns<\/p>\n","protected":false},"excerpt":{"rendered":"<p>Fam\u00edlia: Divorcis i separacions, parelles de fet, cust\u00f2dies, tuteles, aliments, incapacitacions, successions i donacions Execucions hipotec\u00e0ries, execucions de t\u00edtols no judicials, reclamacions de quantitat per deutes Impugnaci\u00f3 de contractes bancaris (participacions preferents, obligacions subordinades, permutes de tipus d\u2019inter\u00e8s, etc&#8230;) Compravendes i arrendaments de vivenda i de negoci Reclamacions en mat\u00e8ries de consumidors i usuaris: Actuacions [&hellip;]<\/p>\n","protected":false},"author":1,"featured_media":0,"parent":51,"menu_order":0,"comment_status":"closed","ping_status":"closed","template":"","meta":{"footnotes":""},"class_list":["post-91","page","type-page","status-publish","hentry"],"_links":{"self":[{"href":"https:\/\/www.lushilaw.net\/ca\/wp-json\/wp\/v2\/pages\/91","targetHints":{"allow":["GET"]}}],"collection":[{"href":"https:\/\/www.lushilaw.net\/ca\/wp-json\/wp\/v2\/pages"}],"about":[{"href":"https:\/\/www.lushilaw.net\/ca\/wp-json\/wp\/v2\/types\/page"}],"author":[{"embeddable":true,"href":"https:\/\/www.lushilaw.net\/ca\/wp-json\/wp\/v2\/users\/1"}],"replies":[{"embeddable":true,"href":"https:\/\/www.lushilaw.net\/ca\/wp-json\/wp\/v2\/comments?post=91"}],"version-history":[{"count":1,"href":"https:\/\/www.lushilaw.net\/ca\/wp-json\/wp\/v2\/pages\/91\/revisions"}],"predecessor-version":[{"id":95,"href":"https:\/\/www.lushilaw.net\/ca\/wp-json\/wp\/v2\/pages\/91\/revisions\/95"}],"up":[{"embeddable":true,"href":"https:\/\/www.lushilaw.net\/ca\/wp-json\/wp\/v2\/pages\/51"}],"wp:attachment":[{"href":"https:\/\/www.lushilaw.net\/ca\/wp-json\/wp\/v2\/media?parent=91"}],"curies":[{"name":"wp","href":"https:\/\/api.w.org\/{rel}","templated":true}]}}