{"id":92,"date":"2021-10-27T14:50:26","date_gmt":"2021-10-27T14:50:26","guid":{"rendered":"https:\/\/www.lushilaw.net\/?page_id=92"},"modified":"2021-10-27T14:50:26","modified_gmt":"2021-10-27T14:50:26","slug":"dret-laboral","status":"publish","type":"page","link":"https:\/\/www.lushilaw.net\/ca\/serveis\/dret-laboral\/","title":{"rendered":"Dret Laboral"},"content":{"rendered":"<p>Acomiadaments, faltes i amonestacions<\/p>\n<p>Expedients de regulaci\u00f3 d\u2019ocupaci\u00f3 (ERO)<\/p>\n<p>Reclamacions de quantitat<\/p>\n<p>Incapacitats<\/p>\n<p>Accidents laborals<\/p>\n<p>Pensions: Incapacitats, jubilaci\u00f3, orfandat, vidu\u00eftat<\/p>\n<p>Ajudes i subsidis<\/p>\n<p>Expedients sancionadors d\u2019Inspecci\u00f3 de Treball<\/p>\n","protected":false},"excerpt":{"rendered":"<p>Acomiadaments, faltes i amonestacions Expedients de regulaci\u00f3 d\u2019ocupaci\u00f3 (ERO) Reclamacions de quantitat Incapacitats Accidents laborals Pensions: Incapacitats, jubilaci\u00f3, orfandat, vidu\u00eftat Ajudes i subsidis Expedients sancionadors d\u2019Inspecci\u00f3 de Treball<\/p>\n","protected":false},"author":1,"featured_media":0,"parent":51,"menu_order":1,"comment_status":"closed","ping_status":"closed","template":"","meta":{"footnotes":""},"class_list":["post-92","page","type-page","status-publish","hentry"],"_links":{"self":[{"href":"https:\/\/www.lushilaw.net\/ca\/wp-json\/wp\/v2\/pages\/92","targetHints":{"allow":["GET"]}}],"collection":[{"href":"https:\/\/www.lushilaw.net\/ca\/wp-json\/wp\/v2\/pages"}],"about":[{"href":"https:\/\/www.lushilaw.net\/ca\/wp-json\/wp\/v2\/types\/page"}],"author":[{"embeddable":true,"href":"https:\/\/www.lushilaw.net\/ca\/wp-json\/wp\/v2\/users\/1"}],"replies":[{"embeddable":true,"href":"https:\/\/www.lushilaw.net\/ca\/wp-json\/wp\/v2\/comments?post=92"}],"version-history":[{"count":1,"href":"https:\/\/www.lushilaw.net\/ca\/wp-json\/wp\/v2\/pages\/92\/revisions"}],"predecessor-version":[{"id":96,"href":"https:\/\/www.lushilaw.net\/ca\/wp-json\/wp\/v2\/pages\/92\/revisions\/96"}],"up":[{"embeddable":true,"href":"https:\/\/www.lushilaw.net\/ca\/wp-json\/wp\/v2\/pages\/51"}],"wp:attachment":[{"href":"https:\/\/www.lushilaw.net\/ca\/wp-json\/wp\/v2\/media?parent=92"}],"curies":[{"name":"wp","href":"https:\/\/api.w.org\/{rel}","templated":true}]}}