{"id":93,"date":"2021-10-27T14:51:37","date_gmt":"2021-10-27T14:51:37","guid":{"rendered":"https:\/\/www.lushilaw.net\/?page_id=93"},"modified":"2021-10-27T14:51:37","modified_gmt":"2021-10-27T14:51:37","slug":"dret-administratiu","status":"publish","type":"page","link":"https:\/\/www.lushilaw.net\/ca\/serveis\/dret-administratiu\/","title":{"rendered":"Dret Administratiu"},"content":{"rendered":"<p>Expedients sancionadors (multes): Tr\u00e0nsit, sorolls, queixes ve\u00efnals, horaris comercials, salut p\u00fablica, expropiacions, etc..<\/p>\n<p>Llic\u00e8ncies i permisos comercials i d\u2019activitats de tot tipus<\/p>\n<p>Reclamaci\u00f3 patrimonial contra les administracions p\u00fabliques<\/p>\n<p>Prevenci\u00f3 de blanqueig de capitals<\/p>\n<p>Gesti\u00f3 d\u2019expedients d\u2019estrangeria i de sol\u00b7licitud de nacionalitat espanyola<\/p>\n","protected":false},"excerpt":{"rendered":"<p>Expedients sancionadors (multes): Tr\u00e0nsit, sorolls, queixes ve\u00efnals, horaris comercials, salut p\u00fablica, expropiacions, etc.. Llic\u00e8ncies i permisos comercials i d\u2019activitats de tot tipus Reclamaci\u00f3 patrimonial contra les administracions p\u00fabliques Prevenci\u00f3 de blanqueig de capitals Gesti\u00f3 d\u2019expedients d\u2019estrangeria i de sol\u00b7licitud de nacionalitat espanyola<\/p>\n","protected":false},"author":1,"featured_media":0,"parent":51,"menu_order":2,"comment_status":"closed","ping_status":"closed","template":"","meta":{"footnotes":""},"class_list":["post-93","page","type-page","status-publish","hentry"],"_links":{"self":[{"href":"https:\/\/www.lushilaw.net\/ca\/wp-json\/wp\/v2\/pages\/93","targetHints":{"allow":["GET"]}}],"collection":[{"href":"https:\/\/www.lushilaw.net\/ca\/wp-json\/wp\/v2\/pages"}],"about":[{"href":"https:\/\/www.lushilaw.net\/ca\/wp-json\/wp\/v2\/types\/page"}],"author":[{"embeddable":true,"href":"https:\/\/www.lushilaw.net\/ca\/wp-json\/wp\/v2\/users\/1"}],"replies":[{"embeddable":true,"href":"https:\/\/www.lushilaw.net\/ca\/wp-json\/wp\/v2\/comments?post=93"}],"version-history":[{"count":1,"href":"https:\/\/www.lushilaw.net\/ca\/wp-json\/wp\/v2\/pages\/93\/revisions"}],"predecessor-version":[{"id":97,"href":"https:\/\/www.lushilaw.net\/ca\/wp-json\/wp\/v2\/pages\/93\/revisions\/97"}],"up":[{"embeddable":true,"href":"https:\/\/www.lushilaw.net\/ca\/wp-json\/wp\/v2\/pages\/51"}],"wp:attachment":[{"href":"https:\/\/www.lushilaw.net\/ca\/wp-json\/wp\/v2\/media?parent=93"}],"curies":[{"name":"wp","href":"https:\/\/api.w.org\/{rel}","templated":true}]}}