{"id":94,"date":"2021-10-27T14:52:06","date_gmt":"2021-10-27T14:52:06","guid":{"rendered":"https:\/\/www.lushilaw.net\/?page_id=94"},"modified":"2021-10-27T14:52:06","modified_gmt":"2021-10-27T14:52:06","slug":"dret-mercantil","status":"publish","type":"page","link":"https:\/\/www.lushilaw.net\/ca\/serveis\/dret-mercantil\/","title":{"rendered":"Dret Mercantil"},"content":{"rendered":"<p>Constituci\u00f3 de tot tipus de societats<\/p>\n<p>Redacci\u00f3 i modificaci\u00f3 d\u2019estatuts socials<\/p>\n<p>Contractaci\u00f3 i gesti\u00f3 d\u2019assegurances<\/p>\n","protected":false},"excerpt":{"rendered":"<p>Constituci\u00f3 de tot tipus de societats Redacci\u00f3 i modificaci\u00f3 d\u2019estatuts socials Contractaci\u00f3 i gesti\u00f3 d\u2019assegurances<\/p>\n","protected":false},"author":1,"featured_media":0,"parent":51,"menu_order":3,"comment_status":"closed","ping_status":"closed","template":"","meta":{"footnotes":""},"class_list":["post-94","page","type-page","status-publish","hentry"],"_links":{"self":[{"href":"https:\/\/www.lushilaw.net\/ca\/wp-json\/wp\/v2\/pages\/94","targetHints":{"allow":["GET"]}}],"collection":[{"href":"https:\/\/www.lushilaw.net\/ca\/wp-json\/wp\/v2\/pages"}],"about":[{"href":"https:\/\/www.lushilaw.net\/ca\/wp-json\/wp\/v2\/types\/page"}],"author":[{"embeddable":true,"href":"https:\/\/www.lushilaw.net\/ca\/wp-json\/wp\/v2\/users\/1"}],"replies":[{"embeddable":true,"href":"https:\/\/www.lushilaw.net\/ca\/wp-json\/wp\/v2\/comments?post=94"}],"version-history":[{"count":1,"href":"https:\/\/www.lushilaw.net\/ca\/wp-json\/wp\/v2\/pages\/94\/revisions"}],"predecessor-version":[{"id":98,"href":"https:\/\/www.lushilaw.net\/ca\/wp-json\/wp\/v2\/pages\/94\/revisions\/98"}],"up":[{"embeddable":true,"href":"https:\/\/www.lushilaw.net\/ca\/wp-json\/wp\/v2\/pages\/51"}],"wp:attachment":[{"href":"https:\/\/www.lushilaw.net\/ca\/wp-json\/wp\/v2\/media?parent=94"}],"curies":[{"name":"wp","href":"https:\/\/api.w.org\/{rel}","templated":true}]}}